{"id":60,"date":"2025-06-03T20:37:49","date_gmt":"2025-06-03T18:37:49","guid":{"rendered":"https:\/\/nicolas.cat\/betania\/about-us\/"},"modified":"2025-10-14T18:41:11","modified_gmt":"2025-10-14T16:41:11","slug":"betania-tu-iglesia","status":"publish","type":"page","link":"https:\/\/nicolas.cat\/betania\/betania-tu-iglesia\/","title":{"rendered":"Informaci\u00f3n sobre Betania tu Iglesia"},"content":{"rendered":"<h2>\u00a0<\/h2>\n<h4>Ante todo queremos dar las gracias a nuestro se\u00f1or. Padre nuestro que est\u00e1s en los cielos, santificado sea tu nombre. Te damos las gracias, Se\u00f1or.<\/h4>\n<h5>Y en segundo lugar <span class=\"grammar correction\" title=\"\u00bfQuer\u00eda decir \u00abtambi\u00e9n\u00bb?\" data-type=\"grammar\" data-suggestions=\"[{&quot;value&quot;:&quot;tambi\u00e9n&quot;},{&quot;value&quot;:&quot;cambien&quot;}]\" data-rule=\"ES_SIMPLE_REPLACE_SIMPLE_TAMBIEN\" data-word=\"tambien\">tambi\u00e9n<\/span> dar las gracias al Sitio web <a href=\"https:\/\/nicolas.cat\/\">www.nicolas.cat<\/a> que nos <span class=\"grammar correction\" title=\"El v.\u00a0\u2018haber\u2019 se escribe con hache.\" data-type=\"grammar\" data-suggestions=\"[{&quot;value&quot;:&quot;ha&quot;}]\" data-rule=\"PRON_HABER_PARTICIPIO\" data-word=\"a\">ha<\/span> cedido este espacio en su web y el <span class=\"misspelling correction\" title=\"Se ha encontrado un posible error ortogr\u00e1fico.\" data-type=\"misspelling\" data-suggestions=\"[{&quot;value&quot;:&quot;subdominio&quot;},{&quot;value&quot;:&quot;su dominio&quot;},{&quot;value&quot;:&quot;sudo minio&quot;}]\" data-rule=\"MORFOLOGIK_RULE_ES\" data-word=\"sudominio\">subdominio<\/span> <a href=\"https:\/\/nicolas.cat\/betania\">www.nicolas.cat\/betania<\/a>.<\/h5>\n<p><span class=\"grammar correction\" title=\"\u00bfQuer\u00eda decir \u00abtambi\u00e9n\u00bb?\" data-type=\"grammar\" data-suggestions=\"[{&quot;value&quot;:&quot;Tambi\u00e9n&quot;},{&quot;value&quot;:&quot;Cambien&quot;}]\" data-rule=\"ES_SIMPLE_REPLACE_SIMPLE_TAMBIEN\" data-word=\"Tambien\">Tambi\u00e9n<\/span> queremos agradecer a su administrador <a href=\"https:\/\/nicolas.cat\/acerca-de-mi-nicolas\/\">Nicol\u00e1s O\u00f1ate Madrid<\/a> que <span class=\"grammar correction\" title=\"Se escribe con tilde.\" data-type=\"grammar\" data-suggestions=\"[{&quot;value&quot;:&quot;adem\u00e1s&quot;}]\" data-rule=\"ADEMAS\" data-word=\"ademas\">adem\u00e1s<\/span> de cedernos el sitio web <a href=\"https:\/\/nicolas.cat\/betania\">Betania tu iglesia<\/a> para que podamos recopilar y agrupar toda la <span class=\"grammar correction\" title=\"\u00bfQuer\u00eda decir \u00abinformaci\u00f3n\u00bb?\" data-type=\"grammar\" data-suggestions=\"[{&quot;value&quot;:&quot;informaci\u00f3n&quot;}]\" data-rule=\"ES_SIMPLE_REPLACE_SIMPLE_INFORMACION\" data-word=\"informacion\">informaci\u00f3n<\/span> de las iglesias <span class=\"misspelling correction\" title=\"Se ha encontrado un posible error ortogr\u00e1fico.\" data-type=\"misspelling\" data-suggestions=\"[{&quot;value&quot;:&quot;Betania&quot;},{&quot;value&quot;:&quot;letan\u00eda&quot;},{&quot;value&quot;:&quot;tetania&quot;},{&quot;value&quot;:&quot;vesania&quot;},{&quot;value&quot;:&quot;vetar\u00eda&quot;}]\" data-rule=\"MORFOLOGIK_RULE_ES\" data-word=\"betania\">Betania<\/span> que se pueda encontrar en internet, <span class=\"grammar correction\" title=\"\u00bfQuer\u00eda decir \u00abtambi\u00e9n\u00bb?\" data-type=\"grammar\" data-suggestions=\"[{&quot;value&quot;:&quot;tambi\u00e9n&quot;},{&quot;value&quot;:&quot;cambien&quot;}]\" data-rule=\"ES_SIMPLE_REPLACE_SIMPLE_TAMBIEN\" data-word=\"tambien\">tambi\u00e9n<\/span> se <span class=\"grammar correction\" title=\"El v.\u00a0\u2018haber\u2019 se escribe con hache.\" data-type=\"grammar\" data-suggestions=\"[{&quot;value&quot;:&quot;ha&quot;}]\" data-rule=\"PRON_HABER_PARTICIPIO\" data-word=\"a\">ha<\/span> ofrecido <span class=\"misspelling correction\" title=\"Se ha encontrado un posible error ortogr\u00e1fico.\" data-type=\"misspelling\" data-suggestions=\"[{&quot;value&quot;:&quot;voluntario&quot;},{&quot;value&quot;:&quot;voluntarios&quot;},{&quot;value&quot;:&quot;voluntaria&quot;}]\" data-rule=\"MORFOLOGIK_RULE_ES\" data-word=\"boluntario\">voluntario<\/span> para administrar y desarrollar este sitio web sin <span class=\"misspelling correction\" title=\"Se ha encontrado un posible error ortogr\u00e1fico.\" data-type=\"misspelling\" data-suggestions=\"[{&quot;value&quot;:&quot;ning\u00fan&quot;},{&quot;value&quot;:&quot;ninguna&quot;},{&quot;value&quot;:&quot;ninguno&quot;}]\" data-rule=\"MORFOLOGIK_RULE_ES\" data-word=\"ningun\">ning\u00fan<\/span> <span class=\"grammar correction\" title=\"Si es adjetivo o nombre, se escribe con tilde.\" data-type=\"grammar\" data-suggestions=\"[{&quot;value&quot;:&quot;\u00e1nimo&quot;}]\" data-rule=\"DIACRITICS_02\" data-word=\"animo\">\u00e1nimo<\/span> de lucro y totalmente de forma gratuita.<\/p>\n<h2>\u00a0<\/h2>\n<h2 class=\"elementor-heading-title elementor-size-default\">Un coraz\u00f3n que consuela,<br \/>una pasi\u00f3n que transforma,<br \/>una voz que cambia el mundo &#8230;<\/h2>\n<h3><span class=\"x6zurak x18bv5gf x184q3qc xqxll94 x1s928wv xhkezso x1gmr53x x1cpjm7i x1fgarty x1943h6x x193iq5w xeuugli x13faqbe x1vvkbs x1lliihq xzsf02u xlh3980 xvmahel x1x9mg3 xo1l8bm\" dir=\"auto\">Somos Gente con Prop\u00f3sito en la Vida Porque hemos descubierto el secreto de la felicidad. Nos sentimos como si hubi\u00e9ramos encontrado una mina de oro. Jesucristo ha sido nuestro gran descubrimiento. <\/span><\/h3>\n<p><span class=\"x6zurak x18bv5gf x184q3qc xqxll94 x1s928wv xhkezso x1gmr53x x1cpjm7i x1fgarty x1943h6x x193iq5w xeuugli x13faqbe x1vvkbs x1lliihq xzsf02u xlh3980 xvmahel x1x9mg3 xo1l8bm\" dir=\"auto\">\u00c9l dice: \u201cYo he venido para que teng\u00e1is vida y para que la teng\u00e1is en abundancia\u201d. \u00c9l tiene el remedio para nuestra enfermedad, \u00c9l es Dios. \u00c9l te ama como jam\u00e1s nadie te amar\u00e1. Jes\u00fas ha pagado el precio de nuestro rescate en la cruz. En esta misma ciudad de Barcelona nos contamos por miles los que hemos reconocido nuestro vac\u00edo espiritual y le hemos pedido perd\u00f3n a Dios por nuestras faltas y nos hemos reconciliado con \u00e9l. <\/span><\/p>\n<p><span class=\"x6zurak x18bv5gf x184q3qc xqxll94 x1s928wv xhkezso x1gmr53x x1cpjm7i x1fgarty x1943h6x x193iq5w xeuugli x13faqbe x1vvkbs x1lliihq xzsf02u xlh3980 xvmahel x1x9mg3 xo1l8bm\" dir=\"auto\">Ha sido el descubrimiento de una Nueva Vida y por consiguiente de una nueva manera de vivir. Esta es una buena noticia para ti y tambi\u00e9n es la m\u00e1s importante de todas las noticias que puedan aparecer en el mundo entero. Hoy puede ser tu d\u00eda, tu gran d\u00eda, pi\u00e9nsalo &#8230;<\/span><\/p>\n<blockquote>\n<h4><span style=\"color: #ff0000\"><em><strong>Si quieres visitar alguna de las Iglesias Betania clica el bot\u00f3n de abajo. Muchas gracias por tu visita.<\/strong><\/em><\/span><\/h4>\n<\/blockquote>\n\n\n<div class=\"wp-block-buttons is-layout-flex wp-block-buttons-is-layout-flex\">\n<div class=\"wp-block-button\"><a class=\"wp-block-button__link wp-element-button\" href=\"https:\/\/nicolas.cat\/betania\/iglesias\/\">Iglesias<\/a><\/div>\n<\/div>\n\n\n\n<p><\/p>\n","protected":false},"excerpt":{"rendered":"<p>\u00a0 Ante todo queremos dar las gracias a nuestro se\u00f1or. Padre nuestro que est\u00e1s en los cielos, santificado sea tu [&hellip;]<\/p>\n","protected":false},"author":10,"featured_media":61,"parent":0,"menu_order":0,"comment_status":"closed","ping_status":"closed","template":"","meta":{"site-sidebar-layout":"default","site-content-layout":"","ast-site-content-layout":"default","site-content-style":"default","site-sidebar-style":"default","ast-global-header-display":"","ast-banner-title-visibility":"","ast-main-header-display":"","ast-hfb-above-header-display":"","ast-hfb-below-header-display":"","ast-hfb-mobile-header-display":"","site-post-title":"","ast-breadcrumbs-content":"","ast-featured-img":"","footer-sml-layout":"","ast-disable-related-posts":"","theme-transparent-header-meta":"","adv-header-id-meta":"","stick-header-meta":"","header-above-stick-meta":"","header-main-stick-meta":"","header-below-stick-meta":"","astra-migrate-meta-layouts":"default","ast-page-background-enabled":"default","ast-page-background-meta":{"desktop":{"background-color":"var(--ast-global-color-5)","background-image":"","background-repeat":"repeat","background-position":"center center","background-size":"auto","background-attachment":"scroll","background-type":"","background-media":"","overlay-type":"","overlay-color":"","overlay-opacity":"","overlay-gradient":""},"tablet":{"background-color":"","background-image":"","background-repeat":"repeat","background-position":"center center","background-size":"auto","background-attachment":"scroll","background-type":"","background-media":"","overlay-type":"","overlay-color":"","overlay-opacity":"","overlay-gradient":""},"mobile":{"background-color":"","background-image":"","background-repeat":"repeat","background-position":"center center","background-size":"auto","background-attachment":"scroll","background-type":"","background-media":"","overlay-type":"","overlay-color":"","overlay-opacity":"","overlay-gradient":""}},"ast-content-background-meta":{"desktop":{"background-color":"var(--ast-global-color-4)","background-image":"","background-repeat":"repeat","background-position":"center center","background-size":"auto","background-attachment":"scroll","background-type":"","background-media":"","overlay-type":"","overlay-color":"","overlay-opacity":"","overlay-gradient":""},"tablet":{"background-color":"var(--ast-global-color-4)","background-image":"","background-repeat":"repeat","background-position":"center center","background-size":"auto","background-attachment":"scroll","background-type":"","background-media":"","overlay-type":"","overlay-color":"","overlay-opacity":"","overlay-gradient":""},"mobile":{"background-color":"var(--ast-global-color-4)","background-image":"","background-repeat":"repeat","background-position":"center center","background-size":"auto","background-attachment":"scroll","background-type":"","background-media":"","overlay-type":"","overlay-color":"","overlay-opacity":"","overlay-gradient":""}},"footnotes":""},"class_list":["post-60","page","type-page","status-publish","has-post-thumbnail","hentry"],"_links":{"self":[{"href":"https:\/\/nicolas.cat\/betania\/wp-json\/wp\/v2\/pages\/60","targetHints":{"allow":["GET"]}}],"collection":[{"href":"https:\/\/nicolas.cat\/betania\/wp-json\/wp\/v2\/pages"}],"about":[{"href":"https:\/\/nicolas.cat\/betania\/wp-json\/wp\/v2\/types\/page"}],"author":[{"embeddable":true,"href":"https:\/\/nicolas.cat\/betania\/wp-json\/wp\/v2\/users\/10"}],"replies":[{"embeddable":true,"href":"https:\/\/nicolas.cat\/betania\/wp-json\/wp\/v2\/comments?post=60"}],"version-history":[{"count":18,"href":"https:\/\/nicolas.cat\/betania\/wp-json\/wp\/v2\/pages\/60\/revisions"}],"predecessor-version":[{"id":265,"href":"https:\/\/nicolas.cat\/betania\/wp-json\/wp\/v2\/pages\/60\/revisions\/265"}],"wp:featuredmedia":[{"embeddable":true,"href":"https:\/\/nicolas.cat\/betania\/wp-json\/wp\/v2\/media\/61"}],"wp:attachment":[{"href":"https:\/\/nicolas.cat\/betania\/wp-json\/wp\/v2\/media?parent=60"}],"curies":[{"name":"wp","href":"https:\/\/api.w.org\/{rel}","templated":true}]}}